{"id":38,"date":"2017-02-02T10:36:18","date_gmt":"2017-02-02T10:36:18","guid":{"rendered":"http:\/\/www.asociacionbioetica.com\/congreso_2021\/?page_id=38"},"modified":"2021-07-30T08:15:51","modified_gmt":"2021-07-30T08:15:51","slug":"bienvenida-xv-congreso-internacional-bioetica","status":"publish","type":"page","link":"http:\/\/www.asociacionbioetica.com\/congreso_2021\/bienvenida-xv-congreso-internacional-bioetica\/","title":{"rendered":"Bienvenida"},"content":{"rendered":"<p>[et_pb_section fb_built=\u00bb1&#8243; custom_padding_last_edited=\u00bbon|desktop\u00bb admin_label=\u00bbsection\u00bb _builder_version=\u00bb3.22&#8243; custom_padding_tablet=\u00bb50px|0|50px|0&#8243; custom_padding_phone=\u00bb\u00bb custom_css_main_element=\u00bbbackground-position: top left;||background-size: 1050px 450px;||background-repeat: no-repeat;\u00bb transparent_background=\u00bboff\u00bb padding_mobile=\u00bboff\u00bb make_fullwidth=\u00bboff\u00bb use_custom_width=\u00bboff\u00bb width_unit=\u00bbon\u00bb custom_width_px=\u00bb1080px\u00bb custom_width_percent=\u00bb80%\u00bb][et_pb_row column_structure=\u00bb1_3,2_3&#8243; padding_mobile=\u00bboff\u00bb column_padding_mobile=\u00bbon\u00bb admin_label=\u00bbFila\u00bb _builder_version=\u00bb3.25&#8243; background_size=\u00bbinitial\u00bb background_position=\u00bbtop_left\u00bb background_repeat=\u00bbrepeat\u00bb make_fullwidth=\u00bboff\u00bb use_custom_width=\u00bboff\u00bb width_unit=\u00bboff\u00bb custom_width_px=\u00bb1080px\u00bb custom_width_percent=\u00bb80%\u00bb][et_pb_column type=\u00bb1_3&#8243; _builder_version=\u00bb3.25&#8243; custom_padding=\u00bb|||\u00bb custom_padding__hover=\u00bb|||\u00bb][et_pb_image src=\u00bbhttp:\/\/www.asociacionbioetica.com\/congreso_2021\/wp-content\/uploads\/2019\/04\/LYDIA_PRESIDENTA.png\u00bb align_tablet=\u00bbcenter\u00bb align_phone=\u00bb\u00bb align_last_edited=\u00bbon|desktop\u00bb admin_label=\u00bbImagen\u00bb _builder_version=\u00bb3.23&#8243; animation_style=\u00bbslide\u00bb animation_direction=\u00bbleft\u00bb animation_duration=\u00bb500ms\u00bb animation_intensity_slide=\u00bb10%\u00bb sticky=\u00bboff\u00bb use_border_color=\u00bboff\u00bb border_color=\u00bb#ffffff\u00bb border_width=\u00bb1px\u00bb border_style=\u00bbsolid\u00bb always_center_on_mobile=\u00bbon\u00bb][\/et_pb_image][\/et_pb_column][et_pb_column type=\u00bb2_3&#8243; _builder_version=\u00bb3.25&#8243; custom_padding=\u00bb|||\u00bb custom_padding__hover=\u00bb|||\u00bb][et_pb_text admin_label=\u00bbTexto\u00bb _builder_version=\u00bb4.9.4&#8243; text_font=\u00bbMontserrat||||\u00bb header_font=\u00bbMontserrat||||\u00bb background_size=\u00bbinitial\u00bb background_position=\u00bbtop_left\u00bb background_repeat=\u00bbrepeat\u00bb use_border_color=\u00bboff\u00bb border_color=\u00bb#ffffff\u00bb border_style=\u00bbsolid\u00bb]<\/p>\n<div>\n<p class=\"Poromisin\"><span lang=\"ES-TRAD\">Tenemos el gusto de anunciar la celebraci\u00f3n del <b>XV Congreso Naciona<\/b>l de la <i>Asociaci\u00f3n de Bio\u00e9tica Fundamental y Cl\u00ednica<\/i> los d\u00edas <b>4, 5 y 6 de noviembre<\/b> del a\u00f1o <b>2021<\/b> en el <b>Palacio de Congresos \u201cEuropa\u201d de Vitoria-Gasteiz<\/b>, con el lema \u201c<b>Bio\u00e9tica y cuidados en tiempos de pandemia: vulnerabilidad, crisis y cotidianidad\u201d.<\/b><\/span><\/p>\n<\/div>\n<div>\n<p class=\"Poromisin\"><span lang=\"ES-TRAD\">\u00a0<\/span><\/p>\n<\/div>\n<div>\n<p class=\"Poromisin\"><span lang=\"ES-TRAD\">Esta \u00e9poca que nos ha tocado vivir ha estado marcada por el sufrimiento, la enfermedad, la incertidumbre, el miedo. Nos hemos sentido desamparados e inermes frente a una pandemia que ha provocado miles de fallecidos y enfermos, y hemos tomado conciencia, de un modo doloroso, de nuestra condici\u00f3n fr\u00e1gil y vulnerable. Ante ello, hemos asistido al esfuerzo denodado de los profesionales sanitarios y sociosanitarios, a la acci\u00f3n solidaria de muchas personas que han intentado ayudar. Y se ha hecho evidente la importancia del cuidado, tanto en la dimensi\u00f3n m\u00e1s personal como en las pol\u00edticas y los sistemas de protecci\u00f3n y promoci\u00f3n de las personas.<\/span><\/p>\n<\/div>\n<p>[\/et_pb_text][\/et_pb_column][\/et_pb_row][et_pb_row column_structure=\u00bb2_3,1_3&#8243; padding_mobile=\u00bboff\u00bb column_padding_mobile=\u00bbon\u00bb admin_label=\u00bbFila\u00bb _builder_version=\u00bb3.25&#8243; background_size=\u00bbinitial\u00bb background_position=\u00bbtop_left\u00bb background_repeat=\u00bbrepeat\u00bb custom_padding=\u00bb27px|0px|27px|0px\u00bb make_fullwidth=\u00bboff\u00bb use_custom_width=\u00bboff\u00bb width_unit=\u00bboff\u00bb custom_width_px=\u00bb1080px\u00bb custom_width_percent=\u00bb80%\u00bb][et_pb_column type=\u00bb2_3&#8243; _builder_version=\u00bb3.25&#8243; custom_padding=\u00bb|||\u00bb custom_padding__hover=\u00bb|||\u00bb][et_pb_text admin_label=\u00bbTexto\u00bb _builder_version=\u00bb4.9.4&#8243; text_font=\u00bbMontserrat||||\u00bb background_size=\u00bbinitial\u00bb background_position=\u00bbtop_left\u00bb background_repeat=\u00bbrepeat\u00bb text_orientation=\u00bbjustified\u00bb use_border_color=\u00bboff\u00bb border_style=\u00bbsolid\u00bb]<\/p>\n<div>\n<p class=\"Poromisin\"><span lang=\"ES-TRAD\">El cuidado es un compromiso con la humanidad, es una acci\u00f3n \u00e9tica frente a la posibilidad del da\u00f1o, es una garant\u00eda de justicia en sociedades que pretenden garantizar los derechos humanos. Por eso consideramos esencial analizarlo desde diferentes puntos de vista: hablaremos de lo m\u00e1s cotidiano, de las intervenciones que se pueden llevar a cabo para mejorar la calidad de la asistencia que se presta a las personas y de la atenci\u00f3n a las personas especialmente vulnerables, delimitaremos conceptualmente el cuidado como dimensi\u00f3n vital, nos preguntaremos c\u00f3mo deben ser las organizaciones que cuidan, y tambi\u00e9n las comunidades y las sociedades. Y haremos una reflexi\u00f3n sobre el final de la vida y la muerte m\u00e9dicamente asistida en el contexto de la nueva ley.<\/span><\/p>\n<\/div>\n<div>\n<p class=\"Poromisin\"><span lang=\"ES-TRAD\">\u00a0<\/span><\/p>\n<\/div>\n<div>\n<p class=\"Poromisin\"><span lang=\"ES-TRAD\">Son muchos los temas y muchas las personas que aportar\u00e1n su conocimiento y su experiencia, transida por la pandemia y sus consecuencias. Es m\u00e1s necesario que nunca pararse a reflexionar sobre los aspectos \u00e9ticos del cuidado, sobre las propuestas para realizar acciones responsables que promuevan una atenci\u00f3n humanizada, y para ello es imprescindible la deliberaci\u00f3n y el di\u00e1logo en un contexto plural, diverso y abierto.<\/span><\/p>\n<\/div>\n<div>\n<p class=\"Poromisin\"><span lang=\"ES-TRAD\">\u00a0<\/span><\/p>\n<\/div>\n<div>\n<p class=\"Poromisin\"><span lang=\"ES-TRAD\">El congreso se ver\u00e1 enriquecido con las aportaciones de quienes quieran presentar comunicaciones y de quienes quieran participar en los di\u00e1logos. Por eso, <b>invitamos a la participaci\u00f3n de todos<\/b>.<\/span><\/p>\n<\/div>\n<div>\n<p class=\"Poromisin\"><span lang=\"ES-TRAD\">\u00a0<\/span><\/p>\n<\/div>\n<div>\n<p class=\"Poromisin\"><span lang=\"ES-TRAD\">\u00a1Esperamos veros en Vitoria-Gasteiz!<\/span><\/p>\n<\/div>\n<p>[\/et_pb_text][\/et_pb_column][et_pb_column type=\u00bb1_3&#8243; _builder_version=\u00bb3.25&#8243; custom_padding=\u00bb|||\u00bb custom_padding__hover=\u00bb|||\u00bb][et_pb_image src=\u00bbhttp:\/\/www.asociacionbioetica.com\/congreso_2021\/wp-content\/uploads\/2021\/04\/PROGRAMA_FOTO.jpg\u00bb title_text=\u00bbPROGRAMA_FOTO\u00bb align_tablet=\u00bbcenter\u00bb align_phone=\u00bb\u00bb align_last_edited=\u00bbon|desktop\u00bb admin_label=\u00bbImagen\u00bb _builder_version=\u00bb4.9.4&#8243; animation_style=\u00bbslide\u00bb animation_direction=\u00bbleft\u00bb animation_duration=\u00bb500ms\u00bb animation_intensity_slide=\u00bb10%\u00bb sticky=\u00bboff\u00bb use_border_color=\u00bboff\u00bb border_color=\u00bb#ffffff\u00bb border_width=\u00bb1px\u00bb border_style=\u00bbsolid\u00bb always_center_on_mobile=\u00bbon\u00bb][\/et_pb_image][\/et_pb_column][\/et_pb_row][et_pb_row column_structure=\u00bb1_2,1_2&#8243; padding_mobile=\u00bboff\u00bb column_padding_mobile=\u00bbon\u00bb admin_label=\u00bbrow\u00bb _builder_version=\u00bb3.25&#8243; background_size=\u00bbinitial\u00bb background_position=\u00bbtop_left\u00bb background_repeat=\u00bbrepeat\u00bb make_fullwidth=\u00bboff\u00bb use_custom_width=\u00bboff\u00bb width_unit=\u00bboff\u00bb custom_width_px=\u00bb1080px\u00bb custom_width_percent=\u00bb80%\u00bb][et_pb_column type=\u00bb1_2&#8243; _builder_version=\u00bb3.25&#8243; custom_padding=\u00bb|||\u00bb custom_padding__hover=\u00bb|||\u00bb][et_pb_image src=\u00bbhttp:\/\/www.asociacionbioetica.com\/congreso_2021\/wp-content\/uploads\/2019\/03\/lydiafirma.png\u00bb align_tablet=\u00bbcenter\u00bb align_phone=\u00bb\u00bb align_last_edited=\u00bbon|desktop\u00bb admin_label=\u00bbImagen\u00bb _builder_version=\u00bb3.23&#8243; custom_margin=\u00bb-30px|||\u00bb animation_style=\u00bbslide\u00bb animation_direction=\u00bbleft\u00bb animation_duration=\u00bb500ms\u00bb animation_intensity_slide=\u00bb10%\u00bb sticky=\u00bboff\u00bb use_border_color=\u00bboff\u00bb border_color=\u00bb#ffffff\u00bb border_width=\u00bb1px\u00bb border_style=\u00bbsolid\u00bb always_center_on_mobile=\u00bbon\u00bb][\/et_pb_image][et_pb_text admin_label=\u00bbTexto\u00bb _builder_version=\u00bb3.27.4&#8243; background_size=\u00bbinitial\u00bb background_position=\u00bbtop_left\u00bb background_repeat=\u00bbrepeat\u00bb use_border_color=\u00bboff\u00bb border_style=\u00bbsolid\u00bb]<strong style=\"box-sizing: border-box; margin: 0px; padding: 0px; border: 0px; outline: 0px; background: #ffffff; font-size: 14px; vertical-align: baseline; color: #666666; font-family: Montserrat, Helvetica, Arial, Lucida, sans-serif; text-align: justify;\">Lydia Feito<\/strong><br style=\"box-sizing: border-box; color: #666666; font-family: Montserrat, Helvetica, Arial, Lucida, sans-serif; font-size: 14px; text-align: justify; background-color: #ffffff;\" \/><em style=\"box-sizing: border-box; margin: 0px; padding: 0px; border: 0px; outline: 0px; background: #ffffff; font-size: 14px; vertical-align: baseline; color: #666666; font-family: Montserrat, Helvetica, Arial, Lucida, sans-serif; text-align: justify;\">Presidenta de la ABFyC<\/em><br \/>\n[\/et_pb_text][\/et_pb_column][et_pb_column type=\u00bb1_2&#8243; _builder_version=\u00bb3.25&#8243; custom_padding=\u00bb|||\u00bb custom_padding__hover=\u00bb|||\u00bb][et_pb_button button_url=\u00bbhttp:\/\/www.asociacionbioetica.com\/congreso_2021\/wp-content\/uploads\/2021\/05\/programa-provisional-2021-Cs-y-Eus.pdf\u00bb url_new_window=\u00bbon\u00bb button_text=\u00bbDescargar Programa\u00bb button_alignment=\u00bbright\u00bb admin_label=\u00bbBot\u00f3n\u00bb _builder_version=\u00bb4.9.4&#8243; button_letter_spacing_hover=\u00bb0&#8243; button_text_size__hover_enabled=\u00bboff\u00bb button_one_text_size__hover_enabled=\u00bboff\u00bb button_two_text_size__hover_enabled=\u00bboff\u00bb button_text_color__hover_enabled=\u00bboff\u00bb button_one_text_color__hover_enabled=\u00bboff\u00bb button_two_text_color__hover_enabled=\u00bboff\u00bb button_border_width__hover_enabled=\u00bboff\u00bb button_one_border_width__hover_enabled=\u00bboff\u00bb button_two_border_width__hover_enabled=\u00bboff\u00bb button_border_color__hover_enabled=\u00bboff\u00bb button_one_border_color__hover_enabled=\u00bboff\u00bb button_two_border_color__hover_enabled=\u00bboff\u00bb button_border_radius__hover_enabled=\u00bboff\u00bb button_one_border_radius__hover_enabled=\u00bboff\u00bb button_two_border_radius__hover_enabled=\u00bboff\u00bb button_letter_spacing__hover_enabled=\u00bbon\u00bb button_letter_spacing__hover=\u00bb0&#8243; button_one_letter_spacing__hover_enabled=\u00bboff\u00bb button_two_letter_spacing__hover_enabled=\u00bboff\u00bb button_bg_color__hover_enabled=\u00bboff\u00bb button_one_bg_color__hover_enabled=\u00bboff\u00bb button_two_bg_color__hover_enabled=\u00bboff\u00bb][\/et_pb_button][\/et_pb_column][\/et_pb_row][\/et_pb_section][et_pb_section fb_built=\u00bb1&#8243; _builder_version=\u00bb4.9.4&#8243; _module_preset=\u00bbdefault\u00bb][et_pb_row _builder_version=\u00bb4.9.4&#8243; _module_preset=\u00bbdefault\u00bb][et_pb_column type=\u00bb4_4&#8243; _builder_version=\u00bb4.9.4&#8243; _module_preset=\u00bbdefault\u00bb][et_pb_image src=\u00bbhttp:\/\/www.asociacionbioetica.com\/congreso_2021\/wp-content\/uploads\/2021\/07\/image.png\u00bb _builder_version=\u00bb4.9.4&#8243; _module_preset=\u00bbdefault\u00bb][\/et_pb_image][\/et_pb_column][\/et_pb_row][\/et_pb_section]<\/p>\n","protected":false},"excerpt":{"rendered":"<p>Tenemos el gusto de anunciar la celebraci\u00f3n del XV Congreso Nacional de la Asociaci\u00f3n de Bio\u00e9tica Fundamental y Cl\u00ednica los d\u00edas 4, 5 y 6 de noviembre del a\u00f1o 2021 en el Palacio de Congresos \u201cEuropa\u201d de Vitoria-Gasteiz, con el lema \u201cBio\u00e9tica y cuidados en tiempos de pandemia: vulnerabilidad, crisis y cotidianidad\u201d. \u00a0 Esta \u00e9poca [&hellip;]<\/p>\n","protected":false},"author":1,"featured_media":0,"parent":0,"menu_order":0,"comment_status":"closed","ping_status":"closed","template":"","meta":{"_et_pb_use_builder":"on","_et_pb_old_content":"","_et_gb_content_width":"","footnotes":""},"class_list":["post-38","page","type-page","status-publish","hentry"],"_links":{"self":[{"href":"http:\/\/www.asociacionbioetica.com\/congreso_2021\/wp-json\/wp\/v2\/pages\/38","targetHints":{"allow":["GET"]}}],"collection":[{"href":"http:\/\/www.asociacionbioetica.com\/congreso_2021\/wp-json\/wp\/v2\/pages"}],"about":[{"href":"http:\/\/www.asociacionbioetica.com\/congreso_2021\/wp-json\/wp\/v2\/types\/page"}],"author":[{"embeddable":true,"href":"http:\/\/www.asociacionbioetica.com\/congreso_2021\/wp-json\/wp\/v2\/users\/1"}],"replies":[{"embeddable":true,"href":"http:\/\/www.asociacionbioetica.com\/congreso_2021\/wp-json\/wp\/v2\/comments?post=38"}],"version-history":[{"count":45,"href":"http:\/\/www.asociacionbioetica.com\/congreso_2021\/wp-json\/wp\/v2\/pages\/38\/revisions"}],"predecessor-version":[{"id":1191,"href":"http:\/\/www.asociacionbioetica.com\/congreso_2021\/wp-json\/wp\/v2\/pages\/38\/revisions\/1191"}],"wp:attachment":[{"href":"http:\/\/www.asociacionbioetica.com\/congreso_2021\/wp-json\/wp\/v2\/media?parent=38"}],"curies":[{"name":"wp","href":"https:\/\/api.w.org\/{rel}","templated":true}]}}