{"id":46,"date":"2017-02-02T10:41:40","date_gmt":"2017-02-02T10:41:40","guid":{"rendered":"http:\/\/www.asociacionbioetica.com\/congreso_2021\/?page_id=46"},"modified":"2025-10-15T10:44:17","modified_gmt":"2025-10-15T10:44:17","slug":"contacto-xiv-congreso-internacional-bioetica","status":"publish","type":"page","link":"http:\/\/www.asociacionbioetica.com\/congreso_2021\/contacto-xiv-congreso-internacional-bioetica\/","title":{"rendered":"Contacto"},"content":{"rendered":"<p>[et_pb_section fb_built=\u00bb1&#8243; fullwidth=\u00bbon\u00bb admin_label=\u00bbSecci\u00f3n\u00bb _builder_version=\u00bb4.16&#8243; hover_enabled=\u00bb0&#8243; global_colors_info=\u00bb{}\u00bb sticky_enabled=\u00bb0&#8243;][et_pb_fullwidth_code admin_label=\u00bbC\u00f3digo de anchura completa\u00bb _builder_version=\u00bb4.27.4&#8243; hover_enabled=\u00bb0&#8243; global_colors_info=\u00bb{}\u00bb sticky_enabled=\u00bb0&#8243;]<iframe loading=\"lazy\" src=\"https:\/\/www.google.com\/maps\/embed?pb=!1m18!1m12!1m3!1d2924.9841911404305!2d-2.683246248628742!3d42.85206697905468!2m3!1f0!2f0!3f0!3m2!1i1024!2i768!4f13.1!3m3!1m2!1s0xd4fc23fce022835%3A0x6ebe0a7818811287!2sPalacio%20de%20Congresos%20Europa!5e0!3m2!1ses!2ses!4v1619422045470!5m2!1ses!2ses\" width=\"100%\" height=\"500\"><!-- [et_pb_line_break_holder] -->  <!-- [et_pb_line_break_holder] --><\/iframe><!-- [et_pb_line_break_holder] --><!-- [et_pb_line_break_holder] --><!-- [et_pb_line_break_holder] --><!-- [et_pb_line_break_holder] -->[\/et_pb_fullwidth_code][\/et_pb_section][et_pb_section fb_built=\u00bb1&#8243; admin_label=\u00bbsection\u00bb _builder_version=\u00bb4.16&#8243; global_colors_info=\u00bb{}\u00bb][et_pb_row admin_label=\u00bbrow\u00bb _builder_version=\u00bb4.27.4&#8243; background_size=\u00bbinitial\u00bb background_position=\u00bbtop_left\u00bb background_repeat=\u00bbrepeat\u00bb hover_enabled=\u00bb0&#8243; global_colors_info=\u00bb{}\u00bb sticky_enabled=\u00bb0&#8243;][et_pb_column type=\u00bb4_4&#8243; _builder_version=\u00bb4.16&#8243; custom_padding=\u00bb|||\u00bb global_colors_info=\u00bb{}\u00bb custom_padding__hover=\u00bb|||\u00bb][et_pb_text admin_label=\u00bbText\u00bb _builder_version=\u00bb4.16&#8243; background_size=\u00bbinitial\u00bb background_position=\u00bbtop_left\u00bb background_repeat=\u00bbrepeat\u00bb use_border_color=\u00bboff\u00bb border_color=\u00bb#ffffff\u00bb border_style=\u00bbsolid\u00bb global_colors_info=\u00bb{}\u00bb]<\/p>\n<h3>XV Congreso Nacional de Bio\u00e9tica<\/h3>\n<p>PALACIO DE CONGRESOS EUROPA<br \/>\nAv. Gasteiz, 85,<br \/>\n01009 Vitoria-Gasteiz<\/p>\n<p>&nbsp;<\/p>\n<p><strong>Secretar\u00eda t\u00e9cnica:<\/strong> TISA Congresos<\/p>\n<p><strong>Email:\u00a0<\/strong><a href=\"mailto:conferencia@tisasa.es\">conferencia@tisasa.es<\/a><a href=\"mailto:secretaria@tisasa.es\"><br \/>\n<\/a><strong>Tel:<\/strong> 944 233 147<\/p>\n<p>Para cualquier informaci\u00f3n que pueda necesitar sobre el congreso rogamos contacte con la Secretar\u00eda T\u00e9cnica.<b><\/b><br \/>\n[\/et_pb_text][\/et_pb_column][\/et_pb_row][\/et_pb_section]<\/p>\n","protected":false},"excerpt":{"rendered":"<p>XV Congreso Nacional de Bio\u00e9tica PALACIO DE CONGRESOS EUROPA Av. Gasteiz, 85, 01009 Vitoria-Gasteiz &nbsp; Secretar\u00eda t\u00e9cnica: TISA Congresos Email:\u00a0conferencia@tisasa.es Tel: 944 233 147 Para cualquier informaci\u00f3n que pueda necesitar sobre el congreso rogamos contacte con la Secretar\u00eda T\u00e9cnica.<\/p>\n","protected":false},"author":1,"featured_media":0,"parent":0,"menu_order":0,"comment_status":"closed","ping_status":"closed","template":"","meta":{"_et_pb_use_builder":"on","_et_pb_old_content":"","_et_gb_content_width":"","footnotes":""},"class_list":["post-46","page","type-page","status-publish","hentry"],"_links":{"self":[{"href":"http:\/\/www.asociacionbioetica.com\/congreso_2021\/wp-json\/wp\/v2\/pages\/46","targetHints":{"allow":["GET"]}}],"collection":[{"href":"http:\/\/www.asociacionbioetica.com\/congreso_2021\/wp-json\/wp\/v2\/pages"}],"about":[{"href":"http:\/\/www.asociacionbioetica.com\/congreso_2021\/wp-json\/wp\/v2\/types\/page"}],"author":[{"embeddable":true,"href":"http:\/\/www.asociacionbioetica.com\/congreso_2021\/wp-json\/wp\/v2\/users\/1"}],"replies":[{"embeddable":true,"href":"http:\/\/www.asociacionbioetica.com\/congreso_2021\/wp-json\/wp\/v2\/comments?post=46"}],"version-history":[{"count":41,"href":"http:\/\/www.asociacionbioetica.com\/congreso_2021\/wp-json\/wp\/v2\/pages\/46\/revisions"}],"predecessor-version":[{"id":1343,"href":"http:\/\/www.asociacionbioetica.com\/congreso_2021\/wp-json\/wp\/v2\/pages\/46\/revisions\/1343"}],"wp:attachment":[{"href":"http:\/\/www.asociacionbioetica.com\/congreso_2021\/wp-json\/wp\/v2\/media?parent=46"}],"curies":[{"name":"wp","href":"https:\/\/api.w.org\/{rel}","templated":true}]}}