{"id":584,"date":"2019-03-30T17:52:06","date_gmt":"2019-03-30T17:52:06","guid":{"rendered":"http:\/\/www.asociacionbioetica.com\/congreso_2021\/?page_id=584"},"modified":"2021-10-13T12:16:35","modified_gmt":"2021-10-13T12:16:35","slug":"comites-xiv-congreso-internacional-bioetica","status":"publish","type":"page","link":"http:\/\/www.asociacionbioetica.com\/congreso_2021\/comites-xiv-congreso-internacional-bioetica\/","title":{"rendered":"Comit\u00e9s"},"content":{"rendered":"<p>[et_pb_section fb_built=\u00bb1&#8243; custom_padding_last_edited=\u00bbon|desktop\u00bb admin_label=\u00bbsection\u00bb _builder_version=\u00bb3.22&#8243; custom_padding_tablet=\u00bb50px|0|50px|0&#8243; custom_padding_phone=\u00bb\u00bb transparent_background=\u00bboff\u00bb padding_mobile=\u00bboff\u00bb make_fullwidth=\u00bboff\u00bb use_custom_width=\u00bboff\u00bb width_unit=\u00bboff\u00bb custom_width_px=\u00bb1080px\u00bb custom_width_percent=\u00bb80%\u00bb][et_pb_row column_structure=\u00bb1_2,1_2&#8243; padding_mobile=\u00bboff\u00bb column_padding_mobile=\u00bbon\u00bb admin_label=\u00bbrow\u00bb _builder_version=\u00bb3.25&#8243; background_size=\u00bbinitial\u00bb background_position=\u00bbtop_left\u00bb background_repeat=\u00bbrepeat\u00bb make_fullwidth=\u00bboff\u00bb use_custom_width=\u00bboff\u00bb width_unit=\u00bboff\u00bb custom_width_px=\u00bb1080px\u00bb custom_width_percent=\u00bb80%\u00bb][et_pb_column type=\u00bb1_2&#8243; _builder_version=\u00bb3.25&#8243; custom_padding=\u00bb|||\u00bb custom_padding__hover=\u00bb|||\u00bb][et_pb_image src=\u00bbhttp:\/\/www.asociacionbioetica.com\/congreso_2021\/wp-content\/uploads\/2021\/04\/COMITES_IMAGEN-1.jpg\u00bb title_text=\u00bbCOMITES_IMAGEN-1&#8243; align_tablet=\u00bbcenter\u00bb align_phone=\u00bb\u00bb align_last_edited=\u00bbon|desktop\u00bb admin_label=\u00bbImagen\u00bb _builder_version=\u00bb4.9.4&#8243; animation_style=\u00bbslide\u00bb animation_direction=\u00bbleft\u00bb animation_duration=\u00bb500ms\u00bb animation_intensity_slide=\u00bb10%\u00bb sticky=\u00bboff\u00bb use_border_color=\u00bboff\u00bb border_color=\u00bb#ffffff\u00bb border_width=\u00bb1px\u00bb border_style=\u00bbsolid\u00bb always_center_on_mobile=\u00bbon\u00bb][\/et_pb_image][\/et_pb_column][et_pb_column type=\u00bb1_2&#8243; _builder_version=\u00bb3.25&#8243; custom_padding=\u00bb|||\u00bb custom_padding__hover=\u00bb|||\u00bb][et_pb_text admin_label=\u00bbTexto\u00bb _builder_version=\u00bb4.9.4&#8243; background_size=\u00bbinitial\u00bb background_position=\u00bbtop_left\u00bb background_repeat=\u00bbrepeat\u00bb hover_enabled=\u00bb0&#8243; use_border_color=\u00bboff\u00bb border_style=\u00bbsolid\u00bb sticky_enabled=\u00bb0&#8243;]<\/p>\n<h2 class=\"MsoNormal\" style=\"margin-bottom: 0.0001pt; line-height: normal; background: white; text-align: right;\"><span style=\"font-size: large; color: black;\"><strong>Presidenta del Congreso<\/strong><\/span><\/h2>\n<p class=\"MsoNormal\" style=\"margin-bottom: 0.0001pt; line-height: normal; background: white; text-align: right;\"><strong><span style=\"font-size: 10.5pt; mso-fareast-font-family: 'Times New Roman'; mso-bidi-font-family: Calibri; mso-bidi-theme-font: minor-latin; color: black; mso-fareast-language: ES;\"> Lydia Feito.<\/span><\/strong><span style=\"font-size: 10.5pt; mso-fareast-font-family: 'Times New Roman'; mso-bidi-font-family: Calibri; mso-bidi-theme-font: minor-latin; color: black; mso-fareast-language: ES;\"> Presidenta de ABFYC<\/span><\/p>\n<h2 class=\"MsoNormal\" style=\"margin-bottom: 0.0001pt; line-height: normal; background: white; text-align: right;\"><span style=\"font-size: large; color: black;\"><strong>Comit\u00e9 Organizador<\/strong><\/span><\/h2>\n<p class=\"MsoNormal\" style=\"margin-bottom: 0.0001pt; line-height: normal; background: white; text-align: right;\"><span style=\"font-size: 10.5pt; mso-fareast-font-family: 'Times New Roman'; mso-bidi-font-family: Calibri; mso-bidi-theme-font: minor-latin; color: black; mso-fareast-language: ES;\"><strong><span style=\"color: #808080;\">Presidenta del Comit\u00e9. <\/span>Marije Goikoetxea.\u00a0<\/strong>Vocal Junta Directiva ABFyC. CEIS de Bizkaia.<br \/><\/span><\/p>\n<p class=\"MsoNormal\" style=\"margin-bottom: 0.0001pt; line-height: normal; background: white; text-align: right;\"><span style=\"font-size: 10.5pt; mso-fareast-font-family: 'Times New Roman'; mso-bidi-font-family: Calibri; mso-bidi-theme-font: minor-latin; color: black; mso-fareast-language: ES;\"><strong>Lourdes Zurbanobeaskoetxea.<\/strong> M\u00e9dica. Presidenta de CSSCEE (Comisi\u00f3n sociosanitaria de comit\u00e9s de \u00c9tica de Euskadi).<br \/><\/span><\/p>\n<p class=\"MsoNormal\" style=\"margin-bottom: 0.0001pt; line-height: normal; background: white; text-align: right;\"><span style=\"font-size: 10.5pt; mso-fareast-font-family: 'Times New Roman'; mso-bidi-font-family: Calibri; mso-bidi-theme-font: minor-latin; color: black; mso-fareast-language: ES;\"><strong>Br\u00edgida Argote.<\/strong> Enfermera Centro residencial. CEIS de Araba.<br \/><\/span><\/p>\n<p class=\"MsoNormal\" style=\"margin-bottom: 0.0001pt; line-height: normal; background: white; text-align: right;\"><span style=\"font-size: 10.5pt; mso-fareast-font-family: 'Times New Roman'; mso-bidi-font-family: Calibri; mso-bidi-theme-font: minor-latin; color: black; mso-fareast-language: ES;\"><strong>Margarita Hernanz.<\/strong> Psiquiatra. Jubilada CEA de Araba.<br \/><\/span><\/p>\n<p class=\"MsoNormal\" style=\"margin-bottom: 0.0001pt; line-height: normal; background: white; text-align: right;\"><span style=\"font-size: 10.5pt; mso-fareast-font-family: 'Times New Roman'; mso-bidi-font-family: Calibri; mso-bidi-theme-font: minor-latin; color: black; mso-fareast-language: ES;\"><strong>Boni Cantero.<\/strong> Trabajadora social de Ayuntamiento. CEA de Araba.<br \/><\/span><\/p>\n<p class=\"MsoNormal\" style=\"margin-bottom: 0.0001pt; line-height: normal; background: white; text-align: right;\"><span style=\"font-size: 10.5pt; mso-fareast-font-family: 'Times New Roman'; mso-bidi-font-family: Calibri; mso-bidi-theme-font: minor-latin; color: black; mso-fareast-language: ES;\"><strong>Agurtzane Ortego.<\/strong> M\u00e9dica. Jubilada. CEA Atenci\u00f3n primaria Bizkaia.<br \/><\/span><\/p>\n<p class=\"MsoNormal\" style=\"margin-bottom: 0.0001pt; line-height: normal; background: white; text-align: right;\"><span style=\"font-size: 10.5pt; mso-fareast-font-family: 'Times New Roman'; mso-bidi-font-family: Calibri; mso-bidi-theme-font: minor-latin; color: black; mso-fareast-language: ES;\"><strong>Ana Ylena Guerra.<\/strong> Jurista. Secretaria ABFyC.<br \/><\/span><\/p>\n<p class=\"MsoNormal\" style=\"margin-bottom: 0.0001pt; line-height: normal; background: white; text-align: right;\"><span style=\"font-size: 10.5pt; mso-fareast-font-family: 'Times New Roman'; mso-bidi-font-family: Calibri; mso-bidi-theme-font: minor-latin; color: black; mso-fareast-language: ES;\"><strong>Rafa Ruiz.<\/strong> Enfermero. Tesorero ABFYC.<br \/><\/span><\/p>\n<p class=\"MsoNormal\" style=\"margin-bottom: 0.0001pt; line-height: normal; background: white; text-align: right;\"><span style=\"font-size: 10.5pt; mso-fareast-font-family: 'Times New Roman'; mso-bidi-font-family: Calibri; mso-bidi-theme-font: minor-latin; color: black; mso-fareast-language: ES;\"><strong>Javier Rivas.<\/strong> M\u00e9dico. Responsable web ABFyC.<br \/><\/span><\/p>\n<p class=\"MsoNormal\" style=\"margin-bottom: 0.0001pt; line-height: normal; background: white; text-align: right;\"><span style=\"font-size: 10.5pt; mso-fareast-font-family: 'Times New Roman'; mso-bidi-font-family: Calibri; mso-bidi-theme-font: minor-latin; color: black; mso-fareast-language: ES;\"><strong>Isabel Roch.<\/strong> Enfermera. Vocal Junta Directiva ABFYC.<br \/><\/span><\/p>\n<p class=\"MsoNormal\" style=\"margin-bottom: 0.0001pt; line-height: normal; background: white; text-align: right;\"><span style=\"font-size: 10.5pt; mso-fareast-font-family: 'Times New Roman'; mso-bidi-font-family: Calibri; mso-bidi-theme-font: minor-latin; color: black; mso-fareast-language: ES;\"><strong>Nuria P\u00e9rez Lucas.\u00a0<\/strong> M\u00e9dico cuidados paliativos. Vocal Junta Directiva ABFYC.<\/span><\/p>\n<p>&nbsp;<\/p>\n<p>[\/et_pb_text][\/et_pb_column][\/et_pb_row][et_pb_row column_structure=\u00bb1_2,1_2&#8243; padding_mobile=\u00bboff\u00bb column_padding_mobile=\u00bbon\u00bb admin_label=\u00bbrow\u00bb _builder_version=\u00bb3.25&#8243; background_size=\u00bbinitial\u00bb background_position=\u00bbtop_left\u00bb background_repeat=\u00bbrepeat\u00bb custom_padding=\u00bb27px|0px|27px|0px\u00bb make_fullwidth=\u00bboff\u00bb use_custom_width=\u00bboff\u00bb width_unit=\u00bboff\u00bb custom_width_px=\u00bb1080px\u00bb custom_width_percent=\u00bb80%\u00bb][et_pb_column type=\u00bb1_2&#8243; _builder_version=\u00bb3.25&#8243; custom_padding=\u00bb|||\u00bb custom_padding__hover=\u00bb|||\u00bb][et_pb_text admin_label=\u00bbTexto\u00bb _builder_version=\u00bb4.9.4&#8243; background_size=\u00bbinitial\u00bb background_position=\u00bbtop_left\u00bb background_repeat=\u00bbrepeat\u00bb hover_enabled=\u00bb0&#8243; use_border_color=\u00bboff\u00bb border_style=\u00bbsolid\u00bb sticky_enabled=\u00bb0&#8243;]<\/p>\n<h2 class=\"MsoNormal\" style=\"margin-bottom: .0001pt; line-height: normal; tab-stops: 45.8pt 91.6pt 137.4pt 183.2pt 229.0pt 274.8pt 320.6pt 366.4pt 412.2pt 458.0pt 503.8pt 549.6pt 595.4pt 641.2pt 687.0pt 732.8pt; background: white;\"><span style=\"font-size: large;\"><strong><span style=\"color: black;\">Comit\u00e9 Cient\u00edfico<\/span><\/strong><\/span><\/h2>\n<p class=\"MsoNormal\" style=\"margin-bottom: .0001pt; line-height: normal; tab-stops: 45.8pt 91.6pt 137.4pt 183.2pt 229.0pt 274.8pt 320.6pt 366.4pt 412.2pt 458.0pt 503.8pt 549.6pt 595.4pt 641.2pt 687.0pt 732.8pt; background: white;\"><strong><span style=\"font-size: 10.5pt; mso-fareast-font-family: 'Times New Roman'; mso-bidi-font-family: Calibri; mso-bidi-theme-font: minor-latin; color: black; mso-fareast-language: ES;\"><span style=\"color: #808080;\">Presidente del Comit\u00e9.<\/span> I\u00f1aki Saralegui<\/span><span style=\"font-size: 10.5pt; mso-fareast-font-family: 'Times New Roman'; mso-bidi-font-family: Calibri; mso-bidi-theme-font: minor-latin; color: black; mso-fareast-language: ES;\">.\u00a0<\/span><\/strong><span style=\"font-size: 10.5pt; mso-fareast-font-family: 'Times New Roman'; mso-bidi-font-family: Calibri; mso-bidi-theme-font: minor-latin; color: black; mso-fareast-language: ES;\">Comisi\u00f3n cient\u00edfica\u00a0de la ABFyC. M\u00e9dico Paliativos. CEA Araba.<\/span><\/p>\n<p class=\"MsoNormal\" style=\"margin-bottom: .0001pt; line-height: normal; tab-stops: 45.8pt 91.6pt 137.4pt 183.2pt 229.0pt 274.8pt 320.6pt 366.4pt 412.2pt 458.0pt 503.8pt 549.6pt 595.4pt 641.2pt 687.0pt 732.8pt; background: white;\"><span style=\"font-size: 10.5pt; mso-fareast-font-family: 'Times New Roman'; mso-bidi-font-family: Calibri; mso-bidi-theme-font: minor-latin; color: black; mso-fareast-language: ES;\"><strong>Javier J\u00fadez.<\/strong> M\u00e9dico. Vicepresidente de la ABFyC.<br \/><\/span><\/p>\n<p class=\"MsoNormal\" style=\"margin-bottom: .0001pt; line-height: normal; tab-stops: 45.8pt 91.6pt 137.4pt 183.2pt 229.0pt 274.8pt 320.6pt 366.4pt 412.2pt 458.0pt 503.8pt 549.6pt 595.4pt 641.2pt 687.0pt 732.8pt; background: white;\"><span style=\"font-size: 10.5pt; mso-fareast-font-family: 'Times New Roman'; mso-bidi-font-family: Calibri; mso-bidi-theme-font: minor-latin; color: black; mso-fareast-language: ES;\"><strong>Marije Goikoetxea.<\/strong> Psic\u00f3loga. Vocal de la Junta directiva. Comisi\u00f3n cient\u00edfica de la ABFyC. CEIS Bizkaia.<\/span><\/p>\n<p class=\"MsoNormal\" style=\"margin-bottom: .0001pt; line-height: normal; tab-stops: 45.8pt 91.6pt 137.4pt 183.2pt 229.0pt 274.8pt 320.6pt 366.4pt 412.2pt 458.0pt 503.8pt 549.6pt 595.4pt 641.2pt 687.0pt 732.8pt; background: white;\"><span style=\"font-size: 10.5pt; mso-fareast-font-family: 'Times New Roman'; mso-bidi-font-family: Calibri; mso-bidi-theme-font: minor-latin; color: black; mso-fareast-language: ES;\"><strong>Abel Novoa.<\/strong> M\u00e9dico At. Primaria. Comisi\u00f3n cient\u00edfica\u00a0de la ABFyC.<br \/><\/span><\/p>\n<p class=\"MsoNormal\" style=\"margin-bottom: .0001pt; line-height: normal; tab-stops: 45.8pt 91.6pt 137.4pt 183.2pt 229.0pt 274.8pt 320.6pt 366.4pt 412.2pt 458.0pt 503.8pt 549.6pt 595.4pt 641.2pt 687.0pt 732.8pt; background: white;\"><span style=\"font-size: 10.5pt; mso-fareast-font-family: 'Times New Roman'; mso-bidi-font-family: Calibri; mso-bidi-theme-font: minor-latin; color: black; mso-fareast-language: ES;\"><strong>Jose Antonio Seoane.<\/strong> Jurista. Comisi\u00f3n cient\u00edfica\u00a0de la ABFyC.<br \/><\/span><\/p>\n<p class=\"MsoNormal\" style=\"margin-bottom: .0001pt; line-height: normal; tab-stops: 45.8pt 91.6pt 137.4pt 183.2pt 229.0pt 274.8pt 320.6pt 366.4pt 412.2pt 458.0pt 503.8pt 549.6pt 595.4pt 641.2pt 687.0pt 732.8pt; background: white;\"><span style=\"font-size: 10.5pt; mso-fareast-font-family: 'Times New Roman'; mso-bidi-font-family: Calibri; mso-bidi-theme-font: minor-latin; color: black; mso-fareast-language: ES;\"><strong>Tomas Domingo Moratalla.<\/strong> Filosofo. Comisi\u00f3n cient\u00edfica\u00a0de la ABFyC.<br \/><\/span><\/p>\n<p class=\"MsoNormal\" style=\"margin-bottom: .0001pt; line-height: normal; tab-stops: 45.8pt 91.6pt 137.4pt 183.2pt 229.0pt 274.8pt 320.6pt 366.4pt 412.2pt 458.0pt 503.8pt 549.6pt 595.4pt 641.2pt 687.0pt 732.8pt; background: white;\"><span style=\"font-size: 10.5pt; mso-fareast-font-family: 'Times New Roman'; mso-bidi-font-family: Calibri; mso-bidi-theme-font: minor-latin; color: black; mso-fareast-language: ES;\"><strong>Isolina Ria\u00f1o.<\/strong> Pediatra hospital. Comisi\u00f3n cient\u00edfica\u00a0de la ABFyC.<br \/><\/span><\/p>\n<p class=\"MsoNormal\" style=\"margin-bottom: .0001pt; line-height: normal; tab-stops: 45.8pt 91.6pt 137.4pt 183.2pt 229.0pt 274.8pt 320.6pt 366.4pt 412.2pt 458.0pt 503.8pt 549.6pt 595.4pt 641.2pt 687.0pt 732.8pt; background: white;\"><span style=\"font-size: 10.5pt; mso-fareast-font-family: 'Times New Roman'; mso-bidi-font-family: Calibri; mso-bidi-theme-font: minor-latin; color: black; mso-fareast-language: ES;\"><strong>Gracia Alvarez.<\/strong> Enfermera. Comisi\u00f3n cient\u00edfica\u00a0de la ABFyC.<br \/><\/span><\/p>\n<p class=\"MsoNormal\" style=\"margin-bottom: .0001pt; line-height: normal; tab-stops: 45.8pt 91.6pt 137.4pt 183.2pt 229.0pt 274.8pt 320.6pt 366.4pt 412.2pt 458.0pt 503.8pt 549.6pt 595.4pt 641.2pt 687.0pt 732.8pt; background: white;\"><span style=\"font-size: 10.5pt; mso-fareast-font-family: 'Times New Roman'; mso-bidi-font-family: Calibri; mso-bidi-theme-font: minor-latin; color: black; mso-fareast-language: ES;\"><strong>Boni Cantero.<\/strong> Trabajadora social municipal. CEIS Araba.<br \/><\/span><\/p>\n<p class=\"MsoNormal\" style=\"margin-bottom: .0001pt; line-height: normal; tab-stops: 45.8pt 91.6pt 137.4pt 183.2pt 229.0pt 274.8pt 320.6pt 366.4pt 412.2pt 458.0pt 503.8pt 549.6pt 595.4pt 641.2pt 687.0pt 732.8pt; background: white;\"><span style=\"font-size: 10.5pt; mso-fareast-font-family: 'Times New Roman'; mso-bidi-font-family: Calibri; mso-bidi-theme-font: minor-latin; color: black; mso-fareast-language: ES;\"><strong>Blanca Morera.<\/strong> Psiquiatra. CEA Donostialdea.<br \/><\/span><\/p>\n<p class=\"MsoNormal\" style=\"margin-bottom: .0001pt; line-height: normal; tab-stops: 45.8pt 91.6pt 137.4pt 183.2pt 229.0pt 274.8pt 320.6pt 366.4pt 412.2pt 458.0pt 503.8pt 549.6pt 595.4pt 641.2pt 687.0pt 732.8pt; background: white;\"><span style=\"font-size: 10.5pt; mso-fareast-font-family: 'Times New Roman'; mso-bidi-font-family: Calibri; mso-bidi-theme-font: minor-latin; color: black; mso-fareast-language: ES;\"><strong>Rosa Sainz Nieto.<\/strong> Enfermera Reanimaci\u00f3n. CEA Barrualde.<br \/><\/span><\/p>\n<p class=\"MsoNormal\" style=\"margin-bottom: .0001pt; line-height: normal; tab-stops: 45.8pt 91.6pt 137.4pt 183.2pt 229.0pt 274.8pt 320.6pt 366.4pt 412.2pt 458.0pt 503.8pt 549.6pt 595.4pt 641.2pt 687.0pt 732.8pt; background: white;\"><span style=\"font-size: 10.5pt; mso-fareast-font-family: 'Times New Roman'; mso-bidi-font-family: Calibri; mso-bidi-theme-font: minor-latin; color: black; mso-fareast-language: ES;\"><strong>Guillermo Cairo.<\/strong> M\u00e9dico At. Primaria. CEA Atenci\u00f3n Primaria.<br \/><\/span><\/p>\n<p class=\"MsoNormal\" style=\"margin-bottom: .0001pt; line-height: normal; tab-stops: 45.8pt 91.6pt 137.4pt 183.2pt 229.0pt 274.8pt 320.6pt 366.4pt 412.2pt 458.0pt 503.8pt 549.6pt 595.4pt 641.2pt 687.0pt 732.8pt; background: white;\"><span style=\"font-size: 10.5pt; mso-fareast-font-family: 'Times New Roman'; mso-bidi-font-family: Calibri; mso-bidi-theme-font: minor-latin; color: black; mso-fareast-language: ES;\"><strong>Juani Aza.<\/strong> Enfermera de centro asistencial de servicios sociales. DFB. CEIS Bizkaia.<br \/><\/span><\/p>\n<p class=\"MsoNormal\" style=\"margin-bottom: .0001pt; line-height: normal; tab-stops: 45.8pt 91.6pt 137.4pt 183.2pt 229.0pt 274.8pt 320.6pt 366.4pt 412.2pt 458.0pt 503.8pt 549.6pt 595.4pt 641.2pt 687.0pt 732.8pt; background: white;\"><span style=\"font-size: 10.5pt; mso-fareast-font-family: 'Times New Roman'; mso-bidi-font-family: Calibri; mso-bidi-theme-font: minor-latin; color: black; mso-fareast-language: ES;\"><strong>Daniel Solano.<\/strong> M\u00e9dico Internista Hospital. Jubilado. CEA Basurto-Bilbao. <\/span><\/p>\n<p class=\"MsoNormal\" style=\"margin-bottom: .0001pt; line-height: normal; tab-stops: 45.8pt 91.6pt 137.4pt 183.2pt 229.0pt 274.8pt 320.6pt 366.4pt 412.2pt 458.0pt 503.8pt 549.6pt 595.4pt 641.2pt 687.0pt 732.8pt; background: white;\"><em><span style=\"font-size: 10.5pt; mso-fareast-font-family: 'Times New Roman'; mso-bidi-font-family: Calibri; mso-bidi-theme-font: minor-latin; color: black; mso-fareast-language: ES;\">\u00a0<\/span><\/em><\/p>\n<p>[\/et_pb_text][\/et_pb_column][et_pb_column type=\u00bb1_2&#8243; _builder_version=\u00bb3.25&#8243; custom_padding=\u00bb|||\u00bb custom_padding__hover=\u00bb|||\u00bb][et_pb_text admin_label=\u00bbTexto\u00bb _builder_version=\u00bb4.9.4&#8243; background_size=\u00bbinitial\u00bb background_position=\u00bbtop_left\u00bb background_repeat=\u00bbrepeat\u00bb hover_enabled=\u00bb0&#8243; use_border_color=\u00bboff\u00bb border_style=\u00bbsolid\u00bb sticky_enabled=\u00bb0&#8243;]<\/p>\n<h2 class=\"MsoNormal\" style=\"margin-bottom: 0.0001pt; line-height: normal; background-color: white; text-align: right; background-position: initial initial; background-repeat: initial initial;\"><span style=\"font-size: large;\"><strong><span style=\"color: black;\">Junta Directiva ABFYC<\/span><\/strong><\/span><\/h2>\n<p class=\"MsoNormal\" style=\"margin-bottom: 0.0001pt; line-height: normal; background-color: white; text-align: right; background-position: initial initial; background-repeat: initial initial;\"><span style=\"font-size: 10.5pt; mso-fareast-font-family: 'Times New Roman'; mso-bidi-font-family: Calibri; mso-bidi-theme-font: minor-latin; color: black; mso-fareast-language: ES;\">Presidenta.<strong> Lydia Feito<\/strong><br \/><\/span><\/p>\n<p class=\"MsoNormal\" style=\"margin-bottom: 0.0001pt; line-height: normal; background-color: white; text-align: right; background-position: initial initial; background-repeat: initial initial;\"><span style=\"font-size: 10.5pt; mso-fareast-font-family: 'Times New Roman'; mso-bidi-font-family: Calibri; mso-bidi-theme-font: minor-latin; color: black; mso-fareast-language: ES;\">Vicepresidente. <strong>Javier J\u00fadez<\/strong><br \/><\/span><\/p>\n<p class=\"MsoNormal\" style=\"margin-bottom: 0.0001pt; line-height: normal; background-color: white; text-align: right; background-position: initial initial; background-repeat: initial initial;\"><span style=\"font-size: 10.5pt; mso-fareast-font-family: 'Times New Roman'; mso-bidi-font-family: Calibri; mso-bidi-theme-font: minor-latin; color: black; mso-fareast-language: ES;\">Secretaria. <strong>Ana Ylena Guerra<\/strong><br \/><\/span><\/p>\n<p class=\"MsoNormal\" style=\"margin-bottom: 0.0001pt; line-height: normal; background-color: white; text-align: right; background-position: initial initial; background-repeat: initial initial;\"><span style=\"font-size: 10.5pt; mso-fareast-font-family: 'Times New Roman'; mso-bidi-font-family: Calibri; mso-bidi-theme-font: minor-latin; color: black; mso-fareast-language: ES;\">Tesorero. <strong>Rafa Ruiz<\/strong><br \/><\/span><\/p>\n<p class=\"MsoNormal\" style=\"margin-bottom: 0.0001pt; line-height: normal; background-color: white; text-align: right; background-position: initial initial; background-repeat: initial initial;\"><span style=\"font-size: 10.5pt; mso-fareast-font-family: 'Times New Roman'; mso-bidi-font-family: Calibri; mso-bidi-theme-font: minor-latin; color: black; mso-fareast-language: ES;\">Responsable web. <strong>Javier Rivas<\/strong><br \/><\/span><\/p>\n<p class=\"MsoNormal\" style=\"margin-bottom: 0.0001pt; line-height: normal; background-color: white; text-align: right; background-position: initial initial; background-repeat: initial initial;\"><span style=\"font-size: 10.5pt; mso-fareast-font-family: 'Times New Roman'; mso-bidi-font-family: Calibri; mso-bidi-theme-font: minor-latin; color: black; mso-fareast-language: ES;\">Vocal. <strong>Marije Goikoetxea<\/strong><br \/><\/span><\/p>\n<p class=\"MsoNormal\" style=\"margin-bottom: 0.0001pt; line-height: normal; background-color: white; text-align: right; background-position: initial initial; background-repeat: initial initial;\"><span style=\"font-size: 10.5pt; mso-fareast-font-family: 'Times New Roman'; mso-bidi-font-family: Calibri; mso-bidi-theme-font: minor-latin; color: black; mso-fareast-language: ES;\">Vocal. <strong>Isabel Roch<\/strong><br \/><\/span><\/p>\n<p class=\"MsoNormal\" style=\"margin-bottom: 0.0001pt; line-height: normal; background-color: white; text-align: right; background-position: initial initial; background-repeat: initial initial;\"><span style=\"font-size: 10.5pt; mso-fareast-font-family: 'Times New Roman'; mso-bidi-font-family: Calibri; mso-bidi-theme-font: minor-latin; color: black; mso-fareast-language: ES;\">Vocal. <strong>Nuria P\u00e9rez Lucas<\/strong><\/span><\/p>\n<p class=\"MsoNormal\" style=\"margin-bottom: 0.0001pt; line-height: normal; background-color: white; text-align: right; background-position: initial initial; background-repeat: initial initial;\"><em><span style=\"font-size: 10.5pt; mso-fareast-font-family: 'Times New Roman'; mso-bidi-font-family: Calibri; mso-bidi-theme-font: minor-latin; color: black; mso-fareast-language: ES;\">\u00a0<\/span><\/em><\/p>\n<p>[\/et_pb_text][\/et_pb_column][\/et_pb_row][\/et_pb_section]<\/p>\n","protected":false},"excerpt":{"rendered":"<p>Presidenta del Congreso Lydia Feito. Presidenta de ABFYC Comit\u00e9 Organizador Presidenta del Comit\u00e9. Marije Goikoetxea.\u00a0Vocal Junta Directiva ABFyC. CEIS de Bizkaia. Lourdes Zurbanobeaskoetxea. M\u00e9dica. Presidenta de CSSCEE (Comisi\u00f3n sociosanitaria de comit\u00e9s de \u00c9tica de Euskadi). Br\u00edgida Argote. Enfermera Centro residencial. CEIS de Araba. Margarita Hernanz. Psiquiatra. Jubilada CEA de Araba. Boni Cantero. Trabajadora social de [&hellip;]<\/p>\n","protected":false},"author":1,"featured_media":0,"parent":0,"menu_order":0,"comment_status":"closed","ping_status":"closed","template":"","meta":{"_et_pb_use_builder":"on","_et_pb_old_content":"","_et_gb_content_width":"","footnotes":""},"class_list":["post-584","page","type-page","status-publish","hentry"],"_links":{"self":[{"href":"http:\/\/www.asociacionbioetica.com\/congreso_2021\/wp-json\/wp\/v2\/pages\/584","targetHints":{"allow":["GET"]}}],"collection":[{"href":"http:\/\/www.asociacionbioetica.com\/congreso_2021\/wp-json\/wp\/v2\/pages"}],"about":[{"href":"http:\/\/www.asociacionbioetica.com\/congreso_2021\/wp-json\/wp\/v2\/types\/page"}],"author":[{"embeddable":true,"href":"http:\/\/www.asociacionbioetica.com\/congreso_2021\/wp-json\/wp\/v2\/users\/1"}],"replies":[{"embeddable":true,"href":"http:\/\/www.asociacionbioetica.com\/congreso_2021\/wp-json\/wp\/v2\/comments?post=584"}],"version-history":[{"count":18,"href":"http:\/\/www.asociacionbioetica.com\/congreso_2021\/wp-json\/wp\/v2\/pages\/584\/revisions"}],"predecessor-version":[{"id":1259,"href":"http:\/\/www.asociacionbioetica.com\/congreso_2021\/wp-json\/wp\/v2\/pages\/584\/revisions\/1259"}],"wp:attachment":[{"href":"http:\/\/www.asociacionbioetica.com\/congreso_2021\/wp-json\/wp\/v2\/media?parent=584"}],"curies":[{"name":"wp","href":"https:\/\/api.w.org\/{rel}","templated":true}]}}