{"id":38,"date":"2017-02-02T10:36:18","date_gmt":"2017-02-02T10:36:18","guid":{"rendered":"http:\/\/www.asociacionbioetica.com\/congreso_2017\/?page_id=38"},"modified":"2017-05-21T22:03:28","modified_gmt":"2017-05-21T22:03:28","slug":"bienvenida","status":"publish","type":"page","link":"https:\/\/www.asociacionbioetica.com\/congreso_2017\/bienvenida\/","title":{"rendered":"Bienvenida"},"content":{"rendered":"<p>[et_pb_section admin_label=\u00bbsection\u00bb background_image=\u00bbhttps:\/\/www.asociacionbioetica.com\/congreso_2017\/wp-content\/uploads\/2017\/02\/coloreado2.jpg\u00bb transparent_background=\u00bboff\u00bb allow_player_pause=\u00bboff\u00bb inner_shadow=\u00bboff\u00bb parallax=\u00bboff\u00bb parallax_method=\u00bboff\u00bb padding_mobile=\u00bboff\u00bb make_fullwidth=\u00bboff\u00bb use_custom_width=\u00bboff\u00bb width_unit=\u00bbon\u00bb make_equal=\u00bboff\u00bb use_custom_gutter=\u00bboff\u00bb custom_css_main_element=\u00bbbackground-position: top left;||background-size: 1050px 450px;||background-repeat: no-repeat;\u00bb][et_pb_row admin_label=\u00bbrow\u00bb][et_pb_column type=\u00bb1_3&#8243;][et_pb_image admin_label=\u00bbImagen\u00bb src=\u00bbhttps:\/\/www.asociacionbioetica.com\/congreso_2017\/wp-content\/uploads\/2017\/02\/presidenta.jpg\u00bb title_text=\u00bbLydia Feito Presidenta del XIII Congreso Nacional de Bio\u00e9tica Presidenta de la Asociaci\u00f3n de Bio\u00e9tica Fundamental y Cl\u00ednica.\u00bb show_in_lightbox=\u00bboff\u00bb url_new_window=\u00bboff\u00bb use_overlay=\u00bboff\u00bb animation=\u00bboff\u00bb sticky=\u00bboff\u00bb align=\u00bbleft\u00bb force_fullwidth=\u00bboff\u00bb always_center_on_mobile=\u00bbon\u00bb use_border_color=\u00bboff\u00bb border_color=\u00bb#ffffff\u00bb border_style=\u00bbsolid\u00bb] [\/et_pb_image][et_pb_text admin_label=\u00bbTexto\u00bb background_layout=\u00bblight\u00bb text_orientation=\u00bbleft\u00bb use_border_color=\u00bboff\u00bb border_color=\u00bb#ffffff\u00bb border_style=\u00bbsolid\u00bb custom_margin=\u00bb0px|0px|0px|0px\u00bb custom_padding=\u00bb0px|0px|0px|0px\u00bb header_font_size=\u00bb16px\u00bb text_font_size=\u00bb9&#8243;]<\/p>\n<p style=\"font-size: 14px;\">Lydia Feito<\/p>\n<p>[\/et_pb_text][\/et_pb_column][et_pb_column type=\u00bb2_3&#8243;][et_pb_text admin_label=\u00bbTexto\u00bb background_layout=\u00bblight\u00bb text_orientation=\u00bbleft\u00bb use_border_color=\u00bboff\u00bb border_color=\u00bb#ffffff\u00bb border_style=\u00bbsolid\u00bb]<\/p>\n<p>Dicen de Burgos que es \u201ccabeza de Castilla\u201d ya que fue capital del Reino de Castilla y Le\u00f3n. Son muchos los eventos hist\u00f3ricos y los personajes c\u00e9lebres que aqu\u00ed se han visto. Valgan como ejemplo Fern\u00e1n Gonz\u00e1lez o Rodrigo D\u00edaz de Vivar (el Cid Campeador). Como tierra con una larga y notable historia, m\u00e9ritos no le faltan a esta provincia de Castilla-Le\u00f3n para ser digna de visitar y descubrir. Su catedral, declarada patrimonio de la Humanidad por la UNESCO en 1984, es una joya arquitect\u00f3nica que no se puede uno perder. En este marco incomparable celebraremos los d\u00edas 19-21 de octubre de 2017 el XIII Congreso Nacional de la Asociaci\u00f3n de Bio\u00e9tica Fundamental y Cl\u00ednica.<\/p>\n<p>El lema de este congreso es \u201cEudaimon\u00eda. Valores y plenitud de vida\u201d. Eudaimon\u00eda (\u03b5\u1f50\u03b4\u03b1\u03b9\u03bc\u03bf\u03bd\u03af\u03b1) es una bella palabra griega que suele traducirse como \u201cfelicidad\u201d. En realidad, el uso que hizo Arist\u00f3teles de este t\u00e9rmino es m\u00e1s complejo. Eudaimon\u00eda hace referencia a la plenitud, al desarrollo m\u00e1ximo de las potencialidades del ser humano, lo que supone un ejercicio de prudencia, en el que es preciso deliberar sobre lo justo en un terreno de incertidumbre. Por eso, alcanzar esa plenitud supone un ejercicio de virtud con el que se logra la felicidad. Esta es la raz\u00f3n de que hayamos asociado el t\u00e9rmino \u201cvalores\u201d en este lema, pues el ejercicio m\u00e1s perfecto de la virtud tiene que ver con la promoci\u00f3n de valores, con el logro de aquello que nos hace m\u00e1s humanos y, con la riqueza y diversidad de opciones posibles, nos lanza hacia la excelencia.<\/p>\n<p>No es otro el objetivo de la bio\u00e9tica, y por ello, frente al des\u00e1nimo, la desilusi\u00f3n o la dejadez, pensamos que es adecuado un compromiso responsable con la construcci\u00f3n de valores, con la promoci\u00f3n de la calidad, con la deliberaci\u00f3n serena y plural, y con la propuesta creativa de nuevos escenarios para seguir desarrollando labores humanas. Este esp\u00edritu positivo, constructivo, pretende impulsar la reflexi\u00f3n y la implicaci\u00f3n. Por eso, en este Congreso encontraremos ideas y ofertas muy interesantes.<\/p>\n<p>Contaremos con la presencia de Jes\u00fas Conill y de Diego Gracia en las conferencias de apertura y clausura del Congreso. Son dos personas de reconocido prestigio, ampl\u00edsimos conocimientos y sobrada capacidad para invitarnos a pensar sobre este concepto de eudaimon\u00eda y su relaci\u00f3n con los valores.<\/p>\n<p>Las mesas redondas abordar\u00e1n cuestiones diversas, ligadas a los ejes tem\u00e1ticos de la Asociaci\u00f3n de Bio\u00e9tica Fundamental y Cl\u00ednica, con esta misma clave constructiva. As\u00ed, dedicaremos una mesa a los aspectos socio-sanitarios, un elemento esencial en la comprensi\u00f3n de la atenci\u00f3n a las personas. Trabajaremos, en el eje cl\u00ednico, aspectos en torno al contraste entre la sobremedicalizaci\u00f3n (\u201chipersalud\u201d) y el (no-)abandono (\u201chiposalud\u201d). Comentaremos, en el eje \u201cBio\u00e9tica y organizaci\u00f3n\u201d, c\u00f3mo podemos fomentar la profesionalidad y c\u00f3mo podemos promover valores en nuestras organizaciones y en los j\u00f3venes que acceden a las profesiones socio-sanitarias. Y hablaremos, en el eje de educaci\u00f3n e investigaci\u00f3n, de la relaci\u00f3n entre la salud, la \u00e9tica y el humor, teniendo en cuenta que la aspiraci\u00f3n a la virtud no puede lograrse desde el derrotismo ni la desgana.<\/p>\n<p>El Congreso ser\u00e1, como en ocasiones anteriores, un espacio de di\u00e1logo y un lugar donde compartir experiencias, sin descuidar aspectos culturales y actividades sociales. Tendremos posibilidad de disfrutar de la hospitalidad y el magn\u00edfico entorno burgal\u00e9s. Y propiciaremos el clima de pluralismo, reflexi\u00f3n, debate profundo y amistad que es la se\u00f1a de identidad de la Asociaci\u00f3n de Bio\u00e9tica Fundamental y Cl\u00ednica<\/p>\n<p>Os esperamos a todos en este congreso. Nos vemos en Burgos.<\/p>\n<p><strong>Lydia Feito<\/strong><br \/>\n<em>Presidenta del XIII Congreso Nacional de Bio\u00e9tica<\/em><br \/>\n<em> Presidenta de la Asociaci\u00f3n de Bio\u00e9tica Fundamental y Cl\u00ednica.<\/em><\/p>\n<p>[\/et_pb_text][\/et_pb_column][\/et_pb_row][\/et_pb_section]<\/p>\n","protected":false},"excerpt":{"rendered":"<p>Lydia Feito Dicen de Burgos que es \u201ccabeza de Castilla\u201d ya que fue capital del Reino de Castilla y Le\u00f3n. Son muchos los eventos hist\u00f3ricos y los personajes c\u00e9lebres que aqu\u00ed se han visto. Valgan como ejemplo Fern\u00e1n Gonz\u00e1lez o Rodrigo D\u00edaz de Vivar (el Cid Campeador). Como tierra con una larga y notable historia, [&hellip;]<\/p>\n","protected":false},"author":2,"featured_media":0,"parent":0,"menu_order":0,"comment_status":"closed","ping_status":"closed","template":"","meta":{"_et_pb_use_builder":"on","_et_pb_old_content":"","_et_gb_content_width":"","footnotes":""},"class_list":["post-38","page","type-page","status-publish","hentry"],"_links":{"self":[{"href":"https:\/\/www.asociacionbioetica.com\/congreso_2017\/wp-json\/wp\/v2\/pages\/38","targetHints":{"allow":["GET"]}}],"collection":[{"href":"https:\/\/www.asociacionbioetica.com\/congreso_2017\/wp-json\/wp\/v2\/pages"}],"about":[{"href":"https:\/\/www.asociacionbioetica.com\/congreso_2017\/wp-json\/wp\/v2\/types\/page"}],"author":[{"embeddable":true,"href":"https:\/\/www.asociacionbioetica.com\/congreso_2017\/wp-json\/wp\/v2\/users\/2"}],"replies":[{"embeddable":true,"href":"https:\/\/www.asociacionbioetica.com\/congreso_2017\/wp-json\/wp\/v2\/comments?post=38"}],"version-history":[{"count":17,"href":"https:\/\/www.asociacionbioetica.com\/congreso_2017\/wp-json\/wp\/v2\/pages\/38\/revisions"}],"predecessor-version":[{"id":286,"href":"https:\/\/www.asociacionbioetica.com\/congreso_2017\/wp-json\/wp\/v2\/pages\/38\/revisions\/286"}],"wp:attachment":[{"href":"https:\/\/www.asociacionbioetica.com\/congreso_2017\/wp-json\/wp\/v2\/media?parent=38"}],"curies":[{"name":"wp","href":"https:\/\/api.w.org\/{rel}","templated":true}]}}